{"id":99,"date":"2026-01-09T17:30:29","date_gmt":"2026-01-09T16:30:29","guid":{"rendered":"https:\/\/schristian.hak-digital.at\/?page_id=99"},"modified":"2026-01-10T00:09:30","modified_gmt":"2026-01-09T23:09:30","slug":"teleskope","status":"publish","type":"page","link":"https:\/\/schristian.hak-digital.at\/?page_id=99","title":{"rendered":"Teleskope"},"content":{"rendered":"\n<p>Wir bieten qualitativ hochwertige Teleskope zu g\u00fcnstigen Preisen an. Von Anf\u00e4nger bis zu Profi Teleskope!<\/p>\n\n\n\n<div style=\"height:100px\" aria-hidden=\"true\" class=\"wp-block-spacer\"><\/div>\n\n\n\n<div class=\"wp-block-media-text is-stacked-on-mobile\"><figure class=\"wp-block-media-text__media\"><img loading=\"lazy\" decoding=\"async\" width=\"1024\" height=\"935\" src=\"https:\/\/schristian.hak-digital.at\/wp-content\/uploads\/2026\/01\/Teleskop_Anfaenger-1024x935.jpg\" alt=\"\" class=\"wp-image-108 size-full\" srcset=\"https:\/\/schristian.hak-digital.at\/wp-content\/uploads\/2026\/01\/Teleskop_Anfaenger-1024x935.jpg 1024w, https:\/\/schristian.hak-digital.at\/wp-content\/uploads\/2026\/01\/Teleskop_Anfaenger-300x274.jpg 300w, https:\/\/schristian.hak-digital.at\/wp-content\/uploads\/2026\/01\/Teleskop_Anfaenger-768x701.jpg 768w, https:\/\/schristian.hak-digital.at\/wp-content\/uploads\/2026\/01\/Teleskop_Anfaenger.jpg 1500w\" sizes=\"auto, (max-width: 1024px) 100vw, 1024px\" \/><\/figure><div class=\"wp-block-media-text__content\">\n<p>Unser Einsteiger-Teleskop bietet alles, was Sie f\u00fcr den Einstieg in die Welt der Astronomie brauchen \u2013 und das schon f\u00fcr nur 89,99 \u20ac.<\/p>\n<\/div><\/div>\n\n\n\n<hr class=\"wp-block-separator has-alpha-channel-opacity\"\/>\n\n\n\n<div class=\"wp-block-media-text has-media-on-the-right is-stacked-on-mobile\"><div class=\"wp-block-media-text__content\">\n<p>Das perfekte Teleskop f\u00fcr ambitionierte Hobby-Astronomen: Mehr Leistung, sch\u00e4rfere Details und alles, was Sie f\u00fcr den n\u00e4chsten Schritt in die Astronomie brauchen \u2013 f\u00fcr nur 199,99\u20ac<\/p>\n<\/div><figure class=\"wp-block-media-text__media\"><img loading=\"lazy\" decoding=\"async\" width=\"1024\" height=\"868\" src=\"https:\/\/schristian.hak-digital.at\/wp-content\/uploads\/2026\/01\/Amateur_Teleskop-1024x868.png\" alt=\"\" class=\"wp-image-110 size-full\" srcset=\"https:\/\/schristian.hak-digital.at\/wp-content\/uploads\/2026\/01\/Amateur_Teleskop-1024x868.png 1024w, https:\/\/schristian.hak-digital.at\/wp-content\/uploads\/2026\/01\/Amateur_Teleskop-300x254.png 300w, https:\/\/schristian.hak-digital.at\/wp-content\/uploads\/2026\/01\/Amateur_Teleskop-768x651.png 768w, https:\/\/schristian.hak-digital.at\/wp-content\/uploads\/2026\/01\/Amateur_Teleskop.png 1180w\" sizes=\"auto, (max-width: 1024px) 100vw, 1024px\" \/><\/figure><\/div>\n\n\n\n<hr class=\"wp-block-separator has-alpha-channel-opacity\"\/>\n\n\n\n<div class=\"wp-block-media-text is-stacked-on-mobile\" style=\"grid-template-columns:46% auto\"><figure class=\"wp-block-media-text__media\"><img loading=\"lazy\" decoding=\"async\" width=\"805\" height=\"801\" src=\"https:\/\/schristian.hak-digital.at\/wp-content\/uploads\/2026\/01\/profi.png\" alt=\"\" class=\"wp-image-113 size-full\" srcset=\"https:\/\/schristian.hak-digital.at\/wp-content\/uploads\/2026\/01\/profi.png 805w, https:\/\/schristian.hak-digital.at\/wp-content\/uploads\/2026\/01\/profi-300x300.png 300w, https:\/\/schristian.hak-digital.at\/wp-content\/uploads\/2026\/01\/profi-150x150.png 150w, https:\/\/schristian.hak-digital.at\/wp-content\/uploads\/2026\/01\/profi-768x764.png 768w\" sizes=\"auto, (max-width: 805px) 100vw, 805px\" \/><\/figure><div class=\"wp-block-media-text__content\">\n<p>F\u00fcr alle, die keine Kompromisse eingehen m\u00f6chten: Unser Profi-Teleskop \u00fcberzeugt mit h\u00f6chster Pr\u00e4zision, beeindruckender Bildqualit\u00e4t und maximaler Leistung \u2013 erh\u00e4ltlich f\u00fcr 499,99\u20ac<\/p>\n<\/div><\/div>\n","protected":false},"excerpt":{"rendered":"<p>Wir bieten qualitativ hochwertige Teleskope zu g\u00fcnstigen Preisen an. Von Anf\u00e4nger bis zu Profi Teleskope! Unser Einsteiger-Teleskop bietet alles, was Sie f\u00fcr den Einstieg in die Welt der Astronomie brauchen \u2013 und das schon f\u00fcr nur 89,99 \u20ac. Das perfekte Teleskop f\u00fcr ambitionierte Hobby-Astronomen: Mehr Leistung, sch\u00e4rfere Details und alles, was Sie f\u00fcr den n\u00e4chsten [&hellip;]<\/p>\n","protected":false},"author":1,"featured_media":0,"parent":0,"menu_order":0,"comment_status":"closed","ping_status":"closed","template":"","meta":{"hide_page_title":"","footnotes":""},"class_list":["post-99","page","type-page","status-publish","hentry"],"_links":{"self":[{"href":"https:\/\/schristian.hak-digital.at\/index.php?rest_route=\/wp\/v2\/pages\/99","targetHints":{"allow":["GET"]}}],"collection":[{"href":"https:\/\/schristian.hak-digital.at\/index.php?rest_route=\/wp\/v2\/pages"}],"about":[{"href":"https:\/\/schristian.hak-digital.at\/index.php?rest_route=\/wp\/v2\/types\/page"}],"author":[{"embeddable":true,"href":"https:\/\/schristian.hak-digital.at\/index.php?rest_route=\/wp\/v2\/users\/1"}],"replies":[{"embeddable":true,"href":"https:\/\/schristian.hak-digital.at\/index.php?rest_route=%2Fwp%2Fv2%2Fcomments&post=99"}],"version-history":[{"count":5,"href":"https:\/\/schristian.hak-digital.at\/index.php?rest_route=\/wp\/v2\/pages\/99\/revisions"}],"predecessor-version":[{"id":161,"href":"https:\/\/schristian.hak-digital.at\/index.php?rest_route=\/wp\/v2\/pages\/99\/revisions\/161"}],"wp:attachment":[{"href":"https:\/\/schristian.hak-digital.at\/index.php?rest_route=%2Fwp%2Fv2%2Fmedia&parent=99"}],"curies":[{"name":"wp","href":"https:\/\/api.w.org\/{rel}","templated":true}]}}