{"id":118,"date":"2026-01-09T18:25:46","date_gmt":"2026-01-09T17:25:46","guid":{"rendered":"https:\/\/schristian.hak-digital.at\/?page_id=118"},"modified":"2026-01-09T18:36:44","modified_gmt":"2026-01-09T17:36:44","slug":"datenschutzerklaerung-2","status":"publish","type":"page","link":"https:\/\/schristian.hak-digital.at\/?page_id=118","title":{"rendered":"Datenschutzerkl\u00e4rung"},"content":{"rendered":"\n<p>Der Schutz Ihrer pers\u00f6nlichen Daten ist mir ein besonderes Anliegen. Ich verarbeite Ihre Daten ausschlie\u00dflich auf Grundlage der gesetzlichen Bestimmungen (DSGVO, TKG 2003).<\/p>\n\n\n\n<p>Verantwortlicher:<br>Sebastian Christian<br>BHAK Korneuburg<br>Bankmannring 1<br>2100 Korneuburg<br>\u00d6sterreich<\/p>\n\n\n\n<p>E-Mail: <a>sebastian.christian@hak-korneuburg.at<\/a><\/p>\n\n\n\n<p><\/p>\n\n\n\n<p>Personenbezogene Daten werden auf dieser Website nur erhoben, wenn Sie diese freiwillig zur Verf\u00fcgung stellen, z. B. durch eine Kontaktaufnahme per E-Mail. Diese Daten werden ohne Ihre ausdr\u00fcckliche Zustimmung nicht an Dritte weitergegeben.<\/p>\n\n\n\n<p>Wenn Sie per E-Mail Kontakt aufnehmen, werden die von Ihnen angegebenen Daten (E-Mail-Adresse sowie der Inhalt der Nachricht) zur Bearbeitung Ihrer Anfrage gespeichert und nicht ohne Ihre Einwilligung weitergegeben.<\/p>\n\n\n\n<p><\/p>\n\n\n\n<p>Der Hosting-Provider dieser Website erhebt und speichert automatisch Informationen in sogenannten Server-Logfiles. Dazu z\u00e4hlen IP-Adresse (gek\u00fcrzt oder anonymisiert), Browsertyp, Betriebssystem sowie Datum und Uhrzeit des Zugriffs. Diese Daten sind nicht bestimmten Personen zuordenbar und dienen ausschlie\u00dflich der technischen \u00dcberwachung und Sicherheit der Website.<\/p>\n\n\n\n<p><\/p>\n\n\n\n<p>Diese Website verwendet keine Cookies oder ausschlie\u00dflich technisch notwendige Cookies. Eine Analyse des Nutzerverhaltens findet nicht statt.<\/p>\n\n\n\n<p><\/p>\n\n\n\n<p>Ihnen stehen grunds\u00e4tzlich die Rechte auf Auskunft, Berichtigung, L\u00f6schung, Einschr\u00e4nkung der Verarbeitung, Daten\u00fcbertragbarkeit sowie Widerruf und Widerspruch zu. Wenn Sie der Ansicht sind, dass die Verarbeitung Ihrer Daten gegen das Datenschutzrecht verst\u00f6\u00dft, k\u00f6nnen Sie sich bei der \u00f6sterreichischen Datenschutzbeh\u00f6rde beschweren.<\/p>\n\n\n\n<p><\/p>\n\n\n\n<p>Ich behalte mir vor, diese Datenschutzerkl\u00e4rung bei Bedarf anzupassen.<\/p>\n","protected":false},"excerpt":{"rendered":"<p>Der Schutz Ihrer pers\u00f6nlichen Daten ist mir ein besonderes Anliegen. Ich verarbeite Ihre Daten ausschlie\u00dflich auf Grundlage der gesetzlichen Bestimmungen (DSGVO, TKG 2003). Verantwortlicher:Sebastian ChristianBHAK KorneuburgBankmannring 12100 Korneuburg\u00d6sterreich E-Mail: sebastian.christian@hak-korneuburg.at Personenbezogene Daten werden auf dieser Website nur erhoben, wenn Sie diese freiwillig zur Verf\u00fcgung stellen, z. B. durch eine Kontaktaufnahme per E-Mail. Diese Daten werden [&hellip;]<\/p>\n","protected":false},"author":1,"featured_media":0,"parent":0,"menu_order":0,"comment_status":"closed","ping_status":"closed","template":"","meta":{"hide_page_title":"","footnotes":""},"class_list":["post-118","page","type-page","status-publish","hentry"],"_links":{"self":[{"href":"https:\/\/schristian.hak-digital.at\/index.php?rest_route=\/wp\/v2\/pages\/118","targetHints":{"allow":["GET"]}}],"collection":[{"href":"https:\/\/schristian.hak-digital.at\/index.php?rest_route=\/wp\/v2\/pages"}],"about":[{"href":"https:\/\/schristian.hak-digital.at\/index.php?rest_route=\/wp\/v2\/types\/page"}],"author":[{"embeddable":true,"href":"https:\/\/schristian.hak-digital.at\/index.php?rest_route=\/wp\/v2\/users\/1"}],"replies":[{"embeddable":true,"href":"https:\/\/schristian.hak-digital.at\/index.php?rest_route=%2Fwp%2Fv2%2Fcomments&post=118"}],"version-history":[{"count":4,"href":"https:\/\/schristian.hak-digital.at\/index.php?rest_route=\/wp\/v2\/pages\/118\/revisions"}],"predecessor-version":[{"id":125,"href":"https:\/\/schristian.hak-digital.at\/index.php?rest_route=\/wp\/v2\/pages\/118\/revisions\/125"}],"wp:attachment":[{"href":"https:\/\/schristian.hak-digital.at\/index.php?rest_route=%2Fwp%2Fv2%2Fmedia&parent=118"}],"curies":[{"name":"wp","href":"https:\/\/api.w.org\/{rel}","templated":true}]}}