{"id":116,"date":"2026-01-09T18:25:22","date_gmt":"2026-01-09T17:25:22","guid":{"rendered":"https:\/\/schristian.hak-digital.at\/?page_id=116"},"modified":"2026-01-09T18:31:18","modified_gmt":"2026-01-09T17:31:18","slug":"impressum","status":"publish","type":"page","link":"https:\/\/schristian.hak-digital.at\/?page_id=116","title":{"rendered":"Impressum"},"content":{"rendered":"\n<p><strong>Medieninhaber und Herausgeber:<\/strong><br>Sebastian Christian<\/p>\n\n\n\n<p><strong>Anschrift:<\/strong><br>BHAK Korneuburg<br>Bankmannring 1<br>2100 Korneuburg<br>\u00d6sterreich<\/p>\n\n\n\n<p><strong>Kontakt:<\/strong><br>E-Mail: <a>sebastian.christian@hak-korneuburg.at<\/a><\/p>\n\n\n\n<p><strong>Unternehmensgegenstand:<\/strong><br>Schul- und Ausbildungszwecke<\/p>\n\n\n\n<p><strong>Haftung f\u00fcr Inhalte:<\/strong><br>Die Inhalte dieser Website wurden mit gr\u00f6\u00dfter Sorgfalt erstellt. F\u00fcr die Richtigkeit, Vollst\u00e4ndigkeit und Aktualit\u00e4t der Inhalte wird jedoch keine Gew\u00e4hr \u00fcbernommen.<\/p>\n\n\n\n<p><strong>Urheberrecht:<\/strong><br>Die Inhalte dieser Website unterliegen dem \u00f6sterreichischen Urheberrecht. Jede Verwertung au\u00dferhalb der Grenzen des Urheberrechts bedarf der schriftlichen Zustimmung des jeweiligen Autors.<\/p>\n","protected":false},"excerpt":{"rendered":"<p>Medieninhaber und Herausgeber:Sebastian Christian Anschrift:BHAK KorneuburgBankmannring 12100 Korneuburg\u00d6sterreich Kontakt:E-Mail: sebastian.christian@hak-korneuburg.at Unternehmensgegenstand:Schul- und Ausbildungszwecke Haftung f\u00fcr Inhalte:Die Inhalte dieser Website wurden mit gr\u00f6\u00dfter Sorgfalt erstellt. F\u00fcr die Richtigkeit, Vollst\u00e4ndigkeit und Aktualit\u00e4t der Inhalte wird jedoch keine Gew\u00e4hr \u00fcbernommen. Urheberrecht:Die Inhalte dieser Website unterliegen dem \u00f6sterreichischen Urheberrecht. Jede Verwertung au\u00dferhalb der Grenzen des Urheberrechts bedarf der schriftlichen [&hellip;]<\/p>\n","protected":false},"author":1,"featured_media":0,"parent":0,"menu_order":0,"comment_status":"closed","ping_status":"closed","template":"","meta":{"hide_page_title":"","footnotes":""},"class_list":["post-116","page","type-page","status-publish","hentry"],"_links":{"self":[{"href":"https:\/\/schristian.hak-digital.at\/index.php?rest_route=\/wp\/v2\/pages\/116","targetHints":{"allow":["GET"]}}],"collection":[{"href":"https:\/\/schristian.hak-digital.at\/index.php?rest_route=\/wp\/v2\/pages"}],"about":[{"href":"https:\/\/schristian.hak-digital.at\/index.php?rest_route=\/wp\/v2\/types\/page"}],"author":[{"embeddable":true,"href":"https:\/\/schristian.hak-digital.at\/index.php?rest_route=\/wp\/v2\/users\/1"}],"replies":[{"embeddable":true,"href":"https:\/\/schristian.hak-digital.at\/index.php?rest_route=%2Fwp%2Fv2%2Fcomments&post=116"}],"version-history":[{"count":2,"href":"https:\/\/schristian.hak-digital.at\/index.php?rest_route=\/wp\/v2\/pages\/116\/revisions"}],"predecessor-version":[{"id":122,"href":"https:\/\/schristian.hak-digital.at\/index.php?rest_route=\/wp\/v2\/pages\/116\/revisions\/122"}],"wp:attachment":[{"href":"https:\/\/schristian.hak-digital.at\/index.php?rest_route=%2Fwp%2Fv2%2Fmedia&parent=116"}],"curies":[{"name":"wp","href":"https:\/\/api.w.org\/{rel}","templated":true}]}}